{"id":44186,"date":"2023-07-28T19:06:38","date_gmt":"2023-07-28T19:06:38","guid":{"rendered":"https:\/\/syndigo.com\/pt-lojado-shampo-2\/"},"modified":"2025-02-03T12:31:39","modified_gmt":"2025-02-03T17:31:39","slug":"pt-continente","status":"publish","type":"page","link":"https:\/\/syndigo.com\/de\/pt-continente\/","title":{"rendered":"Continente"},"content":{"rendered":"\n<section class=\"wp-block-group request-demo-sec-1 onboarding-sec-1 is-layout-constrained wp-block-group-is-layout-constrained\"><div class=\"wp-block-group__inner-container\">\n<div class=\"wp-block-columns are-vertically-aligned-center is-layout-flex wp-container-core-columns-is-layout-28f84493 wp-block-columns-is-layout-flex\">\n<div class=\"wp-block-column is-vertically-aligned-center content-col is-layout-flow wp-block-column-is-layout-flow\">\n<h1 class=\"wp-block-heading\" id=\"h-melhore-a-experiencia-de-compra-dos-seus-shoppers-e-aumente-conversao-de-vendas\"><strong><strong><strong>Melhore a experi\u00eancia de compra dos seus shoppers e aumente convers\u00e3o de vendas<\/strong><\/strong><\/strong><\/h1>\n\n\n\n<div class=\"wp-block-buttons is-layout-flex wp-block-buttons-is-layout-flex\">\n<div class=\"wp-block-button\"><a class=\"wp-block-button__link wp-element-button\" href=\"#form\">COME\u00c7E AGORA<\/a><\/div>\n<\/div>\n<\/div>\n\n\n\n<div class=\"wp-block-column is-vertically-aligned-center img-col is-layout-flow wp-block-column-is-layout-flow\">\n<figure class=\"wp-block-image size-full\"><img loading=\"lazy\" decoding=\"async\" width=\"1024\" height=\"811\" src=\"https:\/\/syndigo.com\/wp-content\/uploads\/2023\/08\/Continente-Syndigo.png\" alt=\"continente\" class=\"wp-image-44187\"\/><\/figure>\n<\/div>\n<\/div>\n<\/div><\/section>\n\n\n\n<section class=\"wp-block-group paid-campaign-sec-2 is-layout-constrained wp-block-group-is-layout-constrained\"><div class=\"wp-block-group__inner-container\">\n<h2 class=\"wp-block-heading has-text-align-center\" id=\"h-conte-uma-melhor-historia-do-seu-produto-e-marca-e-impulsione-mais-conversoes-com-conteudo-enriquecido\"><strong>Conte uma melhor hist\u00f3ria do seu produto e marca e impulsione mais convers\u00f5es com Conte\u00fado Enriquecido<\/strong><\/h2>\n\n\n<div class=\"learn-more-card\" >\n\t\t\t\t<div class=\"single-learn-more\">\n\t\t\t\t<div class=\"accordion-title\">\n\t\t\t\t\t\t\t\t\t\t<h4>\n\t\t\t\t\t\tMelhore Convers\u00f5es\t\t\t\t\t<\/h4>\n\t\t\t\t<\/div>\n\t\t\t\t<div class=\"accordion-content\">\n\t\t\t\t\t<div class=\"content\">\n\t\t\t\t\t\tP\u00e1ginas com conte\u00fado enriquecido aumentam as vendas online em 39%.\t\t\t\t\t<\/div>\n\t\t\t\t\t\t\t\t\t<\/div>\n\t\t\t<\/div>\n\t\t\t\t\t\t<div class=\"single-learn-more\">\n\t\t\t\t<div class=\"accordion-title\">\n\t\t\t\t\t\t\t\t\t\t<h4>\n\t\t\t\t\t\tInteraja com os compradores\t\t\t\t\t<\/h4>\n\t\t\t\t<\/div>\n\t\t\t\t<div class=\"accordion-content\">\n\t\t\t\t\t<div class=\"content\">\n\t\t\t\t\t\tOs shoppers de brinquedos do Loja do Shampoo confiam nas informa\u00e7\u00f5es e detalhes do produto online para pesquisar e tomar decis\u00f5es de compra.\t\t\t\t\t<\/div>\n\t\t\t\t\t\t\t\t\t<\/div>\n\t\t\t<\/div>\n\t\t\t\t\t\t<div class=\"single-learn-more\">\n\t\t\t\t<div class=\"accordion-title\">\n\t\t\t\t\t\t\t\t\t\t<h4>\n\t\t\t\t\t\tR\u00e1pido e f\u00e1cil\t\t\t\t\t<\/h4>\n\t\t\t\t<\/div>\n\t\t\t\t<div class=\"accordion-content\">\n\t\t\t\t\t<div class=\"content\">\n\t\t\t\t\t\tO CXH \u2013 Content Experience Hub, a plataforma da Syndigo, permite-lhe instantaneamente melhorar a hist\u00f3ria e o visual de seus produtos diretamente no site lojashampoo.pt\t\t\t\t\t<\/div>\n\t\t\t\t\t\t\t\t\t<\/div>\n\t\t\t<\/div>\n\t\t\t<\/div>\n\n\n\n<div style=\"height:80px\" aria-hidden=\"true\" class=\"wp-block-spacer\"><\/div>\n\n\n\n<h3 class=\"wp-block-heading has-text-align-center\" id=\"h-mostre-seu-conteudo-para-contar-a-sua-historia-do-produto\"><strong>Mostre seu conte\u00fado para contar a sua hist\u00f3ria do produto<\/strong><\/h3>\n\n\n\n<div style=\"height:30px\" aria-hidden=\"true\" class=\"wp-block-spacer\"><\/div>\n\n\n\n<div class=\"wp-block-columns is-layout-flex wp-container-core-columns-is-layout-28f84493 wp-block-columns-is-layout-flex\">\n<div class=\"wp-block-column is-layout-flow wp-block-column-is-layout-flow\">\n<p style=\"font-style:normal;font-weight:600\"><strong>Galeria de Imagens<\/strong><\/p>\n\n\n\n<div style=\"height:15px\" aria-hidden=\"true\" class=\"wp-block-spacer\"><\/div>\n\n\n\n<figure class=\"wp-block-image size-full\"><img loading=\"lazy\" decoding=\"async\" width=\"867\" height=\"487\" src=\"https:\/\/syndigo.com\/wp-content\/uploads\/2023\/08\/continente-enhanced-content.png\" alt=\"Enhanced Content\" class=\"wp-image-44189\"\/><\/figure>\n<\/div>\n\n\n\n<div class=\"wp-block-column is-layout-flow wp-block-column-is-layout-flow\">\n<p style=\"font-style:normal;font-weight:600\">Destaque as melhores caracter\u00edsticas<\/p>\n\n\n\n<div style=\"height:30px\" aria-hidden=\"true\" class=\"wp-block-spacer\"><\/div>\n\n\n\n<ul class=\"checkmark-list wp-block-list\">\n<li class=\"has-medium-font-size\">Tour interativo<\/li>\n\n\n\n<li class=\"has-medium-font-size\">Tabelas de Compara\u00e7\u00e3o<\/li>\n\n\n\n<li class=\"has-medium-font-size\">Vis\u00e3o 360\u00b0<\/li>\n\n\n\n<li class=\"has-medium-font-size\">Galerias de V\u00eddeo e Imagem<\/li>\n\n\n\n<li class=\"has-medium-font-size\">Guias e documentos passo a passo<\/li>\n<\/ul>\n<\/div>\n<\/div>\n\n\n\n<div style=\"height:60px\" aria-hidden=\"true\" class=\"wp-block-spacer\"><\/div>\n\n\n\n<p class=\"has-text-align-center\" style=\"font-style:normal;font-weight:600\"><strong>Tabelas de Compara\u00e7\u00e3o<\/strong><\/p>\n\n\n\n<div style=\"height:20px\" aria-hidden=\"true\" class=\"wp-block-spacer\"><\/div>\n\n\n\n<figure class=\"wp-block-image aligncenter size-full is-resized\"><img loading=\"lazy\" decoding=\"async\" width=\"1024\" height=\"405\" src=\"https:\/\/syndigo.com\/wp-content\/uploads\/2023\/07\/continente-enhanced-content1-1024x405-1.png\" alt=\"Enhanced Content\" class=\"wp-image-41513\"\/><\/figure>\n\n\n\n<div style=\"height:50px\" aria-hidden=\"true\" class=\"wp-block-spacer\"><\/div>\n\n\n\n<p class=\"has-text-align-center\" style=\"font-style:normal;font-weight:600\"><strong>Tabelas de Compara\u00e7\u00e3o<\/strong><\/p>\n\n\n\n<div style=\"height:20px\" aria-hidden=\"true\" class=\"wp-block-spacer\"><\/div>\n\n\n\n<div class=\"wp-block-columns is-layout-flex wp-container-core-columns-is-layout-28f84493 wp-block-columns-is-layout-flex\">\n<div class=\"wp-block-column is-layout-flow wp-block-column-is-layout-flow\" style=\"flex-basis:10%\"><\/div>\n\n\n\n<div class=\"wp-block-column is-layout-flow wp-block-column-is-layout-flow\" style=\"flex-basis:80%\">\n<p style=\"text-align: center;\">\n<div style=\"padding:55.89% 0 0 0;position:relative;\"><iframe src=\"https:\/\/player.vimeo.com\/video\/889284549??autoplay=1&#038;loop=1&#038;autopause=0\" frameborder=\"0\" allow=\"autoplay; fullscreen; picture-in-picture\" style=\"position:absolute;top:0;left:0;width:100%;height:100%;\" title=\"Core Product Page - Product Comparison\"><\/iframe><\/div><script src=\"https:\/\/player.vimeo.com\/api\/player.js\"><\/script>\n<\/p>\n\n<\/div>\n\n\n\n<div class=\"wp-block-column is-layout-flow wp-block-column-is-layout-flow\" style=\"flex-basis:10%\"><\/div>\n<\/div>\n\n\n\n<div style=\"height:50px\" aria-hidden=\"true\" class=\"wp-block-spacer\"><\/div>\n\n\n<div class=\"form-block double\" >\n\t<h3>\n\t\t<p>Formul\u00e1rio de contacto <\/p>\n\t<\/h3>\n\t\t<script>\n\t\tfunction script() {\n\t\t\tMktoForms2.loadForm(\"\/\/pages.syndigo.com\", \"539-CDH-942\", 1719);\t\t}\n\t<\/script>\n\t<script onload=\"script()\" src=\"\/\/pages.syndigo.com\/js\/forms2\/js\/forms2.min.js\"><\/script>\n\t <form id=\"mktoForm_1719\"><\/form> <\/div>\n\n\n\n<div style=\"height:100px\" aria-hidden=\"true\" class=\"wp-block-spacer\"><\/div>\n<\/div><\/section>\n","protected":false},"excerpt":{"rendered":"<p>Melhore a experi\u00eancia de compra dos seus shoppers e aumente convers\u00e3o de vendas Conte uma melhor hist\u00f3ria do seu produto e marca e impulsione mais [&hellip;]<\/p>\n","protected":false},"author":2,"featured_media":0,"parent":0,"menu_order":0,"comment_status":"closed","ping_status":"closed","template":"","meta":{"_acf_changed":false,"advgb_blocks_editor_width":"","advgb_blocks_columns_visual_guide":"","_page_status":"","program_name":"","program_hidden_field_name":"","footnotes":""},"class_list":["post-44186","page","type-page","status-publish","hentry"],"acf":[],"yoast_head":"<!-- This site is optimized with the Yoast SEO Premium plugin v21.8 (Yoast SEO v27.3) - https:\/\/yoast.com\/product\/yoast-seo-premium-wordpress\/ -->\n<title>Boost Online Sales with Syndigo&#039;s Enhanced Content<\/title>\n<meta name=\"description\" content=\"Engage shoppers, increase conversions\u2014enhance your product stories on lojashampoo.pt with Syndigo&#039;s Platform.\" \/>\n<meta name=\"robots\" content=\"index, follow, max-snippet:-1, max-image-preview:large, max-video-preview:-1\" \/>\n<meta property=\"og:locale\" content=\"en_US\" \/>\n<meta property=\"og:type\" content=\"article\" \/>\n<meta property=\"og:title\" content=\"Boost Online Sales with Syndigo&#039;s Enhanced Content\" \/>\n<meta property=\"og:description\" content=\"Engage shoppers, increase conversions\u2014enhance your product stories on lojashampoo.pt with Syndigo&#039;s Platform.\" \/>\n<meta property=\"og:url\" content=\"https:\/\/syndigo.com\/de\/pt-continente\/\" \/>\n<meta property=\"og:site_name\" content=\"Syndigo\" \/>\n<meta property=\"article:publisher\" content=\"https:\/\/www.facebook.com\/syndigoLLC\" \/>\n<meta property=\"article:modified_time\" content=\"2025-02-03T17:31:39+00:00\" \/>\n<meta property=\"og:image\" content=\"https:\/\/syndigo.com\/wp-content\/uploads\/2023\/08\/Continente-Syndigo.png\" \/>\n<meta name=\"twitter:card\" content=\"summary_large_image\" \/>\n<meta name=\"twitter:site\" content=\"@syndigoLLC\" \/>\n<meta name=\"twitter:label1\" content=\"Est. reading time\" \/>\n\t<meta name=\"twitter:data1\" content=\"1 minute\" \/>\n<script type=\"application\/ld+json\" class=\"yoast-schema-graph\">{\"@context\":\"https:\\\/\\\/schema.org\",\"@graph\":[{\"@type\":\"WebPage\",\"@id\":\"https:\\\/\\\/syndigo.com\\\/de\\\/pt-continente\\\/\",\"url\":\"https:\\\/\\\/syndigo.com\\\/de\\\/pt-continente\\\/\",\"name\":\"Boost Online Sales with Syndigo's Enhanced Content\",\"isPartOf\":{\"@id\":\"https:\\\/\\\/syndigo.com\\\/de\\\/#website\"},\"primaryImageOfPage\":{\"@id\":\"https:\\\/\\\/syndigo.com\\\/de\\\/pt-continente\\\/#primaryimage\"},\"image\":{\"@id\":\"https:\\\/\\\/syndigo.com\\\/de\\\/pt-continente\\\/#primaryimage\"},\"thumbnailUrl\":\"https:\\\/\\\/syndigo.com\\\/wp-content\\\/uploads\\\/2023\\\/08\\\/Continente-Syndigo.png\",\"datePublished\":\"2023-07-28T19:06:38+00:00\",\"dateModified\":\"2025-02-03T17:31:39+00:00\",\"description\":\"Engage shoppers, increase conversions\u2014enhance your product stories on lojashampoo.pt with Syndigo's Platform.\",\"breadcrumb\":{\"@id\":\"https:\\\/\\\/syndigo.com\\\/de\\\/pt-continente\\\/#breadcrumb\"},\"inLanguage\":\"en-US\",\"potentialAction\":[{\"@type\":\"ReadAction\",\"target\":[\"https:\\\/\\\/syndigo.com\\\/de\\\/pt-continente\\\/\"]}]},{\"@type\":\"ImageObject\",\"inLanguage\":\"en-US\",\"@id\":\"https:\\\/\\\/syndigo.com\\\/de\\\/pt-continente\\\/#primaryimage\",\"url\":\"https:\\\/\\\/syndigo.com\\\/wp-content\\\/uploads\\\/2023\\\/08\\\/Continente-Syndigo.png\",\"contentUrl\":\"https:\\\/\\\/syndigo.com\\\/wp-content\\\/uploads\\\/2023\\\/08\\\/Continente-Syndigo.png\"},{\"@type\":\"BreadcrumbList\",\"@id\":\"https:\\\/\\\/syndigo.com\\\/de\\\/pt-continente\\\/#breadcrumb\",\"itemListElement\":[{\"@type\":\"ListItem\",\"position\":1,\"name\":\"Home\",\"item\":\"https:\\\/\\\/syndigo.com\\\/\"},{\"@type\":\"ListItem\",\"position\":2,\"name\":\"Continente\"}]},{\"@type\":\"WebSite\",\"@id\":\"https:\\\/\\\/syndigo.com\\\/de\\\/#website\",\"url\":\"https:\\\/\\\/syndigo.com\\\/de\\\/\",\"name\":\"Syndigo\",\"description\":\"Data Unlocked. Potential Unleashed.\",\"publisher\":{\"@id\":\"https:\\\/\\\/syndigo.com\\\/de\\\/#organization\"},\"potentialAction\":[{\"@type\":\"SearchAction\",\"target\":{\"@type\":\"EntryPoint\",\"urlTemplate\":\"https:\\\/\\\/syndigo.com\\\/de\\\/?s={search_term_string}\"},\"query-input\":{\"@type\":\"PropertyValueSpecification\",\"valueRequired\":true,\"valueName\":\"search_term_string\"}}],\"inLanguage\":\"en-US\"},{\"@type\":\"Organization\",\"@id\":\"https:\\\/\\\/syndigo.com\\\/de\\\/#organization\",\"name\":\"Syndigo\",\"url\":\"https:\\\/\\\/syndigo.com\\\/de\\\/\",\"logo\":{\"@type\":\"ImageObject\",\"inLanguage\":\"en-US\",\"@id\":\"https:\\\/\\\/syndigo.com\\\/de\\\/#\\\/schema\\\/logo\\\/image\\\/\",\"url\":\"https:\\\/\\\/syndigo.com\\\/wp-content\\\/uploads\\\/2024\\\/01\\\/Syndigo.png\",\"contentUrl\":\"https:\\\/\\\/syndigo.com\\\/wp-content\\\/uploads\\\/2024\\\/01\\\/Syndigo.png\",\"width\":696,\"height\":696,\"caption\":\"Syndigo\"},\"image\":{\"@id\":\"https:\\\/\\\/syndigo.com\\\/de\\\/#\\\/schema\\\/logo\\\/image\\\/\"},\"sameAs\":[\"https:\\\/\\\/www.facebook.com\\\/syndigoLLC\",\"https:\\\/\\\/x.com\\\/syndigoLLC\",\"https:\\\/\\\/www.linkedin.com\\\/company\\\/syndigo\",\"https:\\\/\\\/www.youtube.com\\\/channel\\\/UC4W-3BtMfXVAwReREonADRg\"]}]}<\/script>\n<!-- \/ Yoast SEO Premium plugin. -->","yoast_head_json":{"title":"Boost Online Sales with Syndigo's Enhanced Content","description":"Engage shoppers, increase conversions\u2014enhance your product stories on lojashampoo.pt with Syndigo's Platform.","robots":{"index":"index","follow":"follow","max-snippet":"max-snippet:-1","max-image-preview":"max-image-preview:large","max-video-preview":"max-video-preview:-1"},"og_locale":"en_US","og_type":"article","og_title":"Continente","og_description":"Engage shoppers, increase conversions\u2014enhance your product stories on lojashampoo.pt with Syndigo's Platform.","og_url":"https:\/\/syndigo.com\/de\/pt-continente\/","og_site_name":"Syndigo","article_publisher":"https:\/\/www.facebook.com\/syndigoLLC","article_modified_time":"2025-02-03T17:31:39+00:00","og_image":[{"url":"https:\/\/syndigo.com\/wp-content\/uploads\/2023\/08\/Continente-Syndigo.png","type":"","width":"","height":""}],"twitter_card":"summary_large_image","twitter_site":"@syndigoLLC","twitter_misc":{"Est. reading time":"1 minute"},"schema":{"@context":"https:\/\/schema.org","@graph":[{"@type":"WebPage","@id":"https:\/\/syndigo.com\/de\/pt-continente\/","url":"https:\/\/syndigo.com\/de\/pt-continente\/","name":"Boost Online Sales with Syndigo's Enhanced Content","isPartOf":{"@id":"https:\/\/syndigo.com\/de\/#website"},"primaryImageOfPage":{"@id":"https:\/\/syndigo.com\/de\/pt-continente\/#primaryimage"},"image":{"@id":"https:\/\/syndigo.com\/de\/pt-continente\/#primaryimage"},"thumbnailUrl":"https:\/\/syndigo.com\/wp-content\/uploads\/2023\/08\/Continente-Syndigo.png","datePublished":"2023-07-28T19:06:38+00:00","dateModified":"2025-02-03T17:31:39+00:00","description":"Engage shoppers, increase conversions\u2014enhance your product stories on lojashampoo.pt with Syndigo's Platform.","breadcrumb":{"@id":"https:\/\/syndigo.com\/de\/pt-continente\/#breadcrumb"},"inLanguage":"en-US","potentialAction":[{"@type":"ReadAction","target":["https:\/\/syndigo.com\/de\/pt-continente\/"]}]},{"@type":"ImageObject","inLanguage":"en-US","@id":"https:\/\/syndigo.com\/de\/pt-continente\/#primaryimage","url":"https:\/\/syndigo.com\/wp-content\/uploads\/2023\/08\/Continente-Syndigo.png","contentUrl":"https:\/\/syndigo.com\/wp-content\/uploads\/2023\/08\/Continente-Syndigo.png"},{"@type":"BreadcrumbList","@id":"https:\/\/syndigo.com\/de\/pt-continente\/#breadcrumb","itemListElement":[{"@type":"ListItem","position":1,"name":"Home","item":"https:\/\/syndigo.com\/"},{"@type":"ListItem","position":2,"name":"Continente"}]},{"@type":"WebSite","@id":"https:\/\/syndigo.com\/de\/#website","url":"https:\/\/syndigo.com\/de\/","name":"Syndigo","description":"Data Unlocked. Potential Unleashed.","publisher":{"@id":"https:\/\/syndigo.com\/de\/#organization"},"potentialAction":[{"@type":"SearchAction","target":{"@type":"EntryPoint","urlTemplate":"https:\/\/syndigo.com\/de\/?s={search_term_string}"},"query-input":{"@type":"PropertyValueSpecification","valueRequired":true,"valueName":"search_term_string"}}],"inLanguage":"en-US"},{"@type":"Organization","@id":"https:\/\/syndigo.com\/de\/#organization","name":"Syndigo","url":"https:\/\/syndigo.com\/de\/","logo":{"@type":"ImageObject","inLanguage":"en-US","@id":"https:\/\/syndigo.com\/de\/#\/schema\/logo\/image\/","url":"https:\/\/syndigo.com\/wp-content\/uploads\/2024\/01\/Syndigo.png","contentUrl":"https:\/\/syndigo.com\/wp-content\/uploads\/2024\/01\/Syndigo.png","width":696,"height":696,"caption":"Syndigo"},"image":{"@id":"https:\/\/syndigo.com\/de\/#\/schema\/logo\/image\/"},"sameAs":["https:\/\/www.facebook.com\/syndigoLLC","https:\/\/x.com\/syndigoLLC","https:\/\/www.linkedin.com\/company\/syndigo","https:\/\/www.youtube.com\/channel\/UC4W-3BtMfXVAwReREonADRg"]}]}},"coauthors":[],"author_meta":{"author_link":"https:\/\/syndigo.com\/de\/author\/vignesh\/","display_name":"Vignesh Sivaraj"},"relative_dates":{"created":"Posted 3 years ago","modified":"Updated 1 year ago"},"absolute_dates":{"created":"Posted on July 28, 2023","modified":"Updated on February 3, 2025"},"absolute_dates_time":{"created":"Posted on July 28, 2023 7:06 pm","modified":"Updated on February 3, 2025 12:31 pm"},"featured_img_caption":"","featured_img":false,"series_order":"","_links":{"self":[{"href":"https:\/\/syndigo.com\/de\/wp-json\/wp\/v2\/pages\/44186","targetHints":{"allow":["GET"]}}],"collection":[{"href":"https:\/\/syndigo.com\/de\/wp-json\/wp\/v2\/pages"}],"about":[{"href":"https:\/\/syndigo.com\/de\/wp-json\/wp\/v2\/types\/page"}],"author":[{"embeddable":true,"href":"https:\/\/syndigo.com\/de\/wp-json\/wp\/v2\/users\/2"}],"replies":[{"embeddable":true,"href":"https:\/\/syndigo.com\/de\/wp-json\/wp\/v2\/comments?post=44186"}],"version-history":[{"count":0,"href":"https:\/\/syndigo.com\/de\/wp-json\/wp\/v2\/pages\/44186\/revisions"}],"wp:attachment":[{"href":"https:\/\/syndigo.com\/de\/wp-json\/wp\/v2\/media?parent=44186"}],"curies":[{"name":"wp","href":"https:\/\/api.w.org\/{rel}","templated":true}]}}