{"id":47947,"date":"2023-08-09T08:30:43","date_gmt":"2023-08-09T08:30:43","guid":{"rendered":"https:\/\/syndigo.com\/marketing-request-2\/"},"modified":"2025-08-25T14:44:51","modified_gmt":"2025-08-25T18:44:51","slug":"brazil","status":"publish","type":"page","link":"https:\/\/syndigo.com\/de\/brazil\/","title":{"rendered":"Destaque a sua marca"},"content":{"rendered":"\n<section class=\"wp-block-group sub-solution-sec-1 is-layout-constrained wp-block-group-is-layout-constrained\"><div class=\"wp-block-group__inner-container\">\n<div class=\"wp-block-columns are-vertically-aligned-center is-layout-flex wp-container-core-columns-is-layout-28f84493 wp-block-columns-is-layout-flex\">\n<div class=\"wp-block-column is-vertically-aligned-center content-col is-layout-flow wp-block-column-is-layout-flow\">\n<h1 class=\"wp-block-heading has-text-align-center\" id=\"h-destaque-a-sua-marca\">Destaque a sua marca<\/h1>\n\n\n\n<h4 class=\"wp-block-heading has-text-align-center\" id=\"h-nos-e-commerces-de-forma-inteligente\"><strong>nos e-commerces de forma inteligente<\/strong><\/h4>\n\n\n\n<p class=\"has-text-align-center\">Syndigo\u2019s Platform: Uma plataforma \u00fanica para gest\u00e3o eficiente de infos de produtos entre Marcas e Varejistas.<\/p>\n\n\n\n<div class=\"wp-block-buttons is-content-justification-center is-layout-flex wp-container-core-buttons-is-layout-a89b3969 wp-block-buttons-is-layout-flex\">\n<div class=\"wp-block-button\"><a class=\"wp-block-button__link wp-element-button\" href=\"#form\">SOLICITE UMA DEMONSTRA\u00c7\u00c3O<\/a><\/div>\n<\/div>\n<\/div>\n<\/div>\n<\/div><\/section>\n\n\n\n<section class=\"wp-block-group events-landing-sec-2 is-layout-constrained wp-block-group-is-layout-constrained\"><div class=\"wp-block-group__inner-container\">\n<h2 class=\"wp-block-heading has-text-align-center\" id=\"h-como-a-syndigo-pode-te-ajudar\">Como a Syndigo pode te ajudar?<\/h2>\n\n\n<div class=\"learn-more-card\" >\n\t\t\t\t<div class=\"single-learn-more\">\n\t\t\t\t<div class=\"accordion-title\">\n\t\t\t\t\t\t\t\t\t\t<h4>\n\t\t\t\t\t\tAUMENTE AS VENDAS ON-LINE\t\t\t\t\t<\/h4>\n\t\t\t\t<\/div>\n\t\t\t\t<div class=\"accordion-content\">\n\t\t\t\t\t<div class=\"content\">\n\t\t\t\t\t\tDetalhe os diferenciais do seu produto e aumente as vendas em m\u00e9dia 90% de aumento de convers\u00e3o.\t\t\t\t\t<\/div>\n\t\t\t\t\t\t\t\t\t<\/div>\n\t\t\t<\/div>\n\t\t\t\t\t\t<div class=\"single-learn-more\">\n\t\t\t\t<div class=\"accordion-title\">\n\t\t\t\t\t\t\t\t\t\t<h4>\n\t\t\t\t\t\tGERENCIE E DISTRIBUA\t\t\t\t\t<\/h4>\n\t\t\t\t<\/div>\n\t\t\t\t<div class=\"accordion-content\">\n\t\t\t\t\t<div class=\"content\">\n\t\t\t\t\t\tOrganize as informa\u00e7\u00f5es de produto e envie para os seus parceiros comerciais com praticidade\t\t\t\t\t<\/div>\n\t\t\t\t\t\t\t\t\t<\/div>\n\t\t\t<\/div>\n\t\t\t\t\t\t<div class=\"single-learn-more\">\n\t\t\t\t<div class=\"accordion-title\">\n\t\t\t\t\t\t\t\t\t\t<h4>\n\t\t\t\t\t\tANALISE E OTIMIZE\t\t\t\t\t<\/h4>\n\t\t\t\t<\/div>\n\t\t\t\t<div class=\"accordion-content\">\n\t\t\t\t\t<div class=\"content\">\n\t\t\t\t\t\tObtenha relat\u00f3rios em tempo real, compare com a concorr\u00eancia e tome decis\u00f5es assertivas\r\n\r\n\t\t\t\t\t<\/div>\n\t\t\t\t\t\t\t\t\t<\/div>\n\t\t\t<\/div>\n\t\t\t<\/div>\n\n\n\n<div style=\"height:60px\" aria-hidden=\"true\" class=\"wp-block-spacer\"><\/div>\n\n\n\n<h2 class=\"wp-block-heading has-text-align-center\" id=\"h-controle-do-seu-conteudo-basico-e-de-marketing\">Controle do seu Conte\u00fado B\u00e1sico e de Marketing<\/h2>\n\n\n\n<div class=\"wp-block-columns is-layout-flex wp-container-core-columns-is-layout-28f84493 wp-block-columns-is-layout-flex\">\n<div class=\"wp-block-column is-layout-flow wp-block-column-is-layout-flow\">\n<p>Gerencie o seu cat\u00e1logo de produtos e distribua de forma automatizada para todos os seus parceiros comerciais.<\/p>\n\n\n\n<ul class=\"wp-block-list checkmark-list-new\">\n<li>T\u00edtulo do Produto<\/li>\n\n\n\n<li>Descri\u00e7\u00e3o<\/li>\n\n\n\n<li>Caracter\u00edsticas<\/li>\n\n\n\n<li>Benef\u00edcios<\/li>\n\n\n\n<li>Fotos\/V\u00eddeos<\/li>\n\n\n\n<li>Ficha T\u00e9cnica<\/li>\n<\/ul>\n<\/div>\n\n\n\n<div class=\"wp-block-column is-layout-flow wp-block-column-is-layout-flow\">\n<figure class=\"wp-block-image size-full shadowed-block\"><img loading=\"lazy\" decoding=\"async\" width=\"1024\" height=\"539\" src=\"https:\/\/syndigo.com\/wp-content\/uploads\/2023\/09\/Amazon-Brazil-Core-Content-png.png\" alt=\"\" class=\"wp-image-47949\"\/><\/figure>\n<\/div>\n<\/div>\n\n\n\n<div style=\"height:80px\" aria-hidden=\"true\" class=\"wp-block-spacer\"><\/div>\n\n\n\n<h3 class=\"wp-block-heading\" id=\"h-capture-a-atencao-do-shopper-com-conteudo-enriquecido\">Capture a aten\u00e7\u00e3o do shopper com Conte\u00fado Enriquecido<\/h3>\n\n\n\n<div class=\"wp-block-columns is-layout-flex wp-container-core-columns-is-layout-28f84493 wp-block-columns-is-layout-flex\">\n<div class=\"wp-block-column is-layout-flow wp-block-column-is-layout-flow\">\n<figure class=\"wp-block-image size-full shadowed-block\"><img loading=\"lazy\" decoding=\"async\" width=\"644\" height=\"416\" src=\"https:\/\/syndigo.com\/wp-content\/uploads\/2023\/09\/enhanced-content-brazil-ben-jerrys.gif\" alt=\"\" class=\"wp-image-47951\"\/><\/figure>\n<\/div>\n\n\n\n<div class=\"wp-block-column is-layout-flow wp-block-column-is-layout-flow\">\n<p>Gere Intera\u00e7\u00e3o e Aumente suas Vendas<\/p>\n\n\n\n<ul class=\"wp-block-list checkmark-list-new\">\n<li>Utilize recursos interativos e melhore a experi\u00eancia de compra do seu shopper<\/li>\n\n\n\n<li>Distribui\u00e7\u00e3o Autom\u00e1tica para os principais e-commerces do Brasil e do mundo<\/li>\n\n\n\n<li>Crie e edite o conte\u00fado a qualquer momento e publique com facilidade<\/li>\n\n\n\n<li>Obtenha insights com os relat\u00f3rios de Acesso e Intera\u00e7\u00f5es<\/li>\n\n\n\n<li>Melhore o posicionamento no Google (SEO)<\/li>\n<\/ul>\n<\/div>\n<\/div>\n\n\n\n<div style=\"height:80px\" aria-hidden=\"true\" class=\"wp-block-spacer\"><\/div>\n\n\n\n<h5 class=\"wp-block-heading\" id=\"h-monitore-seus-produtos-e-concorrencia-acompanhe-seus-kpis-e-tome-decisoes-estrategicas-para-sua-marca\">Monitore seus produtos e concorr\u00eancia, acompanhe seus KPIs e tome decis\u00f5es estrat\u00e9gicas para sua marca<\/h5>\n\n\n\n<div class=\"wp-block-columns is-layout-flex wp-container-core-columns-is-layout-28f84493 wp-block-columns-is-layout-flex\">\n<div class=\"wp-block-column is-layout-flow wp-block-column-is-layout-flow\">\n<p>Auditoria de Conte\u00fado<\/p>\n\n\n\n<ul class=\"wp-block-list checkmark-list-new\">\n<li>Integridade do Conte\u00fado: Ficha interna vs site do Varejo<\/li>\n\n\n\n<li>Match de Imagens, T\u00edtulos e Descri\u00e7\u00f5es<\/li>\n\n\n\n<li>ScoreCard de Sa\u00fade do Conte\u00fado<\/li>\n<\/ul>\n<\/div>\n\n\n\n<div class=\"wp-block-column is-layout-flow wp-block-column-is-layout-flow\">\n<p>Relat\u00f3rios<\/p>\n\n\n\n<ul class=\"wp-block-list checkmark-list-new\">\n<li>Acompanhamento de Pre\u00e7os, Promo\u00e7\u00f5es<\/li>\n\n\n\n<li>Ruptura de Estoque e Buy Box<\/li>\n\n\n\n<li>Ratings &amp; Reviews<\/li>\n\n\n\n<li>Share de Digital Shelf<\/li>\n<\/ul>\n<\/div>\n<\/div>\n\n\n\n<div style=\"height:80px\" aria-hidden=\"true\" class=\"wp-block-spacer\"><\/div>\n\n\n\n<h2 class=\"wp-block-heading has-text-align-center\" id=\"h-principais-clientes-e-varejistas\">Principais Clientes e Varejistas<\/h2>\n\n\n\n<div class=\"wp-block-columns is-layout-flex wp-container-core-columns-is-layout-28f84493 wp-block-columns-is-layout-flex\">\n<div class=\"wp-block-column is-layout-flow wp-block-column-is-layout-flow\">\n<figure class=\"wp-block-image size-full\"><img loading=\"lazy\" decoding=\"async\" width=\"1024\" height=\"455\" src=\"https:\/\/syndigo.com\/wp-content\/uploads\/2023\/09\/Brazil-Retail.png\" alt=\"\" class=\"wp-image-47952\"\/><\/figure>\n<\/div>\n\n\n\n<div class=\"wp-block-column is-layout-flow wp-block-column-is-layout-flow\">\n<figure class=\"wp-block-image size-full\"><img loading=\"lazy\" decoding=\"async\" width=\"1024\" height=\"455\" src=\"https:\/\/syndigo.com\/wp-content\/uploads\/2023\/09\/Brazil-Retail-1.png\" alt=\"\" class=\"wp-image-47954\"\/><\/figure>\n<\/div>\n<\/div>\n\n\n\n<div style=\"height:80px\" aria-hidden=\"true\" id=\"form\" class=\"wp-block-spacer\"><\/div>\n\n\n<div class=\"form-block double\" >\n\t<h3>\n\t\t<p>Preencha o formul\u00e1rio abaixo. Nossa equipe entrar\u00e1 em contato em breve.<\/p>\n\t<\/h3>\n\t\t<script>\n\t\tfunction script() {\n\t\t\tMktoForms2.loadForm(\"\/\/pages.syndigo.com\", \"539-CDH-942\", 1128);\t\t}\n\t<\/script>\n\t<script onload=\"script()\" src=\"\/\/pages.syndigo.com\/js\/forms2\/js\/forms2.min.js\"><\/script>\n\t\r\n<form id=\"mktoForm_1128\"><\/form>\r\n<\/div>\n<\/div><\/section>\n","protected":false},"excerpt":{"rendered":"<p>Syndigo\u2019s Platform: Uma plataforma \u00fanica para gest\u00e3o eficiente de infos de produtos entre Marcas e Varejistas.<\/p>\n","protected":false},"author":2,"featured_media":0,"parent":0,"menu_order":0,"comment_status":"closed","ping_status":"closed","template":"","meta":{"_acf_changed":true,"advgb_blocks_editor_width":"","advgb_blocks_columns_visual_guide":"","_page_status":"","program_name":"","program_hidden_field_name":"","footnotes":""},"class_list":["post-47947","page","type-page","status-publish","hentry"],"acf":[],"yoast_head":"<!-- This site is optimized with the Yoast SEO Premium plugin v21.8 (Yoast SEO v27.3) - https:\/\/yoast.com\/product\/yoast-seo-premium-wordpress\/ -->\n<title>Syndigo | Brasil<\/title>\n<meta name=\"description\" content=\"Syndigo&#039;s platform goes above and beyond the tradition PIM, MDM and DAM. Leverage the most robust solution on the market for your content management.\" \/>\n<meta name=\"robots\" content=\"index, follow, max-snippet:-1, max-image-preview:large, max-video-preview:-1\" \/>\n<meta property=\"og:locale\" content=\"en_US\" \/>\n<meta property=\"og:type\" content=\"article\" \/>\n<meta property=\"og:title\" content=\"Syndigo | Brasil\" \/>\n<meta property=\"og:description\" content=\"Syndigo&#039;s platform goes above and beyond the tradition PIM, MDM and DAM. Leverage the most robust solution on the market for your content management.\" \/>\n<meta property=\"og:url\" content=\"https:\/\/syndigo.com\/de\/brazil\/\" \/>\n<meta property=\"og:site_name\" content=\"Syndigo\" \/>\n<meta property=\"article:publisher\" content=\"https:\/\/www.facebook.com\/syndigoLLC\" \/>\n<meta property=\"article:modified_time\" content=\"2025-08-25T18:44:51+00:00\" \/>\n<meta property=\"og:image\" content=\"https:\/\/syndigo.com\/wp-content\/uploads\/2023\/09\/Amazon-Brazil-Core-Content-png.png\" \/>\n<meta name=\"twitter:card\" content=\"summary_large_image\" \/>\n<meta name=\"twitter:site\" content=\"@syndigoLLC\" \/>\n<meta name=\"twitter:label1\" content=\"Est. reading time\" \/>\n\t<meta name=\"twitter:data1\" content=\"3 minutes\" \/>\n<script type=\"application\/ld+json\" class=\"yoast-schema-graph\">{\"@context\":\"https:\\\/\\\/schema.org\",\"@graph\":[{\"@type\":\"WebPage\",\"@id\":\"https:\\\/\\\/syndigo.com\\\/de\\\/brazil\\\/\",\"url\":\"https:\\\/\\\/syndigo.com\\\/de\\\/brazil\\\/\",\"name\":\"Syndigo | Brasil\",\"isPartOf\":{\"@id\":\"https:\\\/\\\/syndigo.com\\\/de\\\/#website\"},\"primaryImageOfPage\":{\"@id\":\"https:\\\/\\\/syndigo.com\\\/de\\\/brazil\\\/#primaryimage\"},\"image\":{\"@id\":\"https:\\\/\\\/syndigo.com\\\/de\\\/brazil\\\/#primaryimage\"},\"thumbnailUrl\":\"https:\\\/\\\/syndigo.com\\\/wp-content\\\/uploads\\\/2023\\\/09\\\/Amazon-Brazil-Core-Content-png.png\",\"datePublished\":\"2023-08-09T08:30:43+00:00\",\"dateModified\":\"2025-08-25T18:44:51+00:00\",\"description\":\"Syndigo's platform goes above and beyond the tradition PIM, MDM and DAM. Leverage the most robust solution on the market for your content management.\",\"breadcrumb\":{\"@id\":\"https:\\\/\\\/syndigo.com\\\/de\\\/brazil\\\/#breadcrumb\"},\"inLanguage\":\"en-US\",\"potentialAction\":[{\"@type\":\"ReadAction\",\"target\":[\"https:\\\/\\\/syndigo.com\\\/de\\\/brazil\\\/\"]}]},{\"@type\":\"ImageObject\",\"inLanguage\":\"en-US\",\"@id\":\"https:\\\/\\\/syndigo.com\\\/de\\\/brazil\\\/#primaryimage\",\"url\":\"https:\\\/\\\/syndigo.com\\\/wp-content\\\/uploads\\\/2023\\\/09\\\/Amazon-Brazil-Core-Content-png.png\",\"contentUrl\":\"https:\\\/\\\/syndigo.com\\\/wp-content\\\/uploads\\\/2023\\\/09\\\/Amazon-Brazil-Core-Content-png.png\"},{\"@type\":\"BreadcrumbList\",\"@id\":\"https:\\\/\\\/syndigo.com\\\/de\\\/brazil\\\/#breadcrumb\",\"itemListElement\":[{\"@type\":\"ListItem\",\"position\":1,\"name\":\"Home\",\"item\":\"https:\\\/\\\/syndigo.com\\\/\"},{\"@type\":\"ListItem\",\"position\":2,\"name\":\"Destaque a sua marca\"}]},{\"@type\":\"WebSite\",\"@id\":\"https:\\\/\\\/syndigo.com\\\/de\\\/#website\",\"url\":\"https:\\\/\\\/syndigo.com\\\/de\\\/\",\"name\":\"Syndigo\",\"description\":\"Data Unlocked. Potential Unleashed.\",\"publisher\":{\"@id\":\"https:\\\/\\\/syndigo.com\\\/de\\\/#organization\"},\"potentialAction\":[{\"@type\":\"SearchAction\",\"target\":{\"@type\":\"EntryPoint\",\"urlTemplate\":\"https:\\\/\\\/syndigo.com\\\/de\\\/?s={search_term_string}\"},\"query-input\":{\"@type\":\"PropertyValueSpecification\",\"valueRequired\":true,\"valueName\":\"search_term_string\"}}],\"inLanguage\":\"en-US\"},{\"@type\":\"Organization\",\"@id\":\"https:\\\/\\\/syndigo.com\\\/de\\\/#organization\",\"name\":\"Syndigo\",\"url\":\"https:\\\/\\\/syndigo.com\\\/de\\\/\",\"logo\":{\"@type\":\"ImageObject\",\"inLanguage\":\"en-US\",\"@id\":\"https:\\\/\\\/syndigo.com\\\/de\\\/#\\\/schema\\\/logo\\\/image\\\/\",\"url\":\"https:\\\/\\\/syndigo.com\\\/wp-content\\\/uploads\\\/2024\\\/01\\\/Syndigo.png\",\"contentUrl\":\"https:\\\/\\\/syndigo.com\\\/wp-content\\\/uploads\\\/2024\\\/01\\\/Syndigo.png\",\"width\":696,\"height\":696,\"caption\":\"Syndigo\"},\"image\":{\"@id\":\"https:\\\/\\\/syndigo.com\\\/de\\\/#\\\/schema\\\/logo\\\/image\\\/\"},\"sameAs\":[\"https:\\\/\\\/www.facebook.com\\\/syndigoLLC\",\"https:\\\/\\\/x.com\\\/syndigoLLC\",\"https:\\\/\\\/www.linkedin.com\\\/company\\\/syndigo\",\"https:\\\/\\\/www.youtube.com\\\/channel\\\/UC4W-3BtMfXVAwReREonADRg\"]}]}<\/script>\n<!-- \/ Yoast SEO Premium plugin. -->","yoast_head_json":{"title":"Syndigo | Brasil","description":"Syndigo's platform goes above and beyond the tradition PIM, MDM and DAM. Leverage the most robust solution on the market for your content management.","robots":{"index":"index","follow":"follow","max-snippet":"max-snippet:-1","max-image-preview":"max-image-preview:large","max-video-preview":"max-video-preview:-1"},"og_locale":"en_US","og_type":"article","og_title":"Destaque a sua marca","og_description":"Syndigo's platform goes above and beyond the tradition PIM, MDM and DAM. Leverage the most robust solution on the market for your content management.","og_url":"https:\/\/syndigo.com\/de\/brazil\/","og_site_name":"Syndigo","article_publisher":"https:\/\/www.facebook.com\/syndigoLLC","article_modified_time":"2025-08-25T18:44:51+00:00","og_image":[{"url":"https:\/\/syndigo.com\/wp-content\/uploads\/2023\/09\/Amazon-Brazil-Core-Content-png.png","type":"","width":"","height":""}],"twitter_card":"summary_large_image","twitter_site":"@syndigoLLC","twitter_misc":{"Est. reading time":"3 minutes"},"schema":{"@context":"https:\/\/schema.org","@graph":[{"@type":"WebPage","@id":"https:\/\/syndigo.com\/de\/brazil\/","url":"https:\/\/syndigo.com\/de\/brazil\/","name":"Syndigo | Brasil","isPartOf":{"@id":"https:\/\/syndigo.com\/de\/#website"},"primaryImageOfPage":{"@id":"https:\/\/syndigo.com\/de\/brazil\/#primaryimage"},"image":{"@id":"https:\/\/syndigo.com\/de\/brazil\/#primaryimage"},"thumbnailUrl":"https:\/\/syndigo.com\/wp-content\/uploads\/2023\/09\/Amazon-Brazil-Core-Content-png.png","datePublished":"2023-08-09T08:30:43+00:00","dateModified":"2025-08-25T18:44:51+00:00","description":"Syndigo's platform goes above and beyond the tradition PIM, MDM and DAM. Leverage the most robust solution on the market for your content management.","breadcrumb":{"@id":"https:\/\/syndigo.com\/de\/brazil\/#breadcrumb"},"inLanguage":"en-US","potentialAction":[{"@type":"ReadAction","target":["https:\/\/syndigo.com\/de\/brazil\/"]}]},{"@type":"ImageObject","inLanguage":"en-US","@id":"https:\/\/syndigo.com\/de\/brazil\/#primaryimage","url":"https:\/\/syndigo.com\/wp-content\/uploads\/2023\/09\/Amazon-Brazil-Core-Content-png.png","contentUrl":"https:\/\/syndigo.com\/wp-content\/uploads\/2023\/09\/Amazon-Brazil-Core-Content-png.png"},{"@type":"BreadcrumbList","@id":"https:\/\/syndigo.com\/de\/brazil\/#breadcrumb","itemListElement":[{"@type":"ListItem","position":1,"name":"Home","item":"https:\/\/syndigo.com\/"},{"@type":"ListItem","position":2,"name":"Destaque a sua marca"}]},{"@type":"WebSite","@id":"https:\/\/syndigo.com\/de\/#website","url":"https:\/\/syndigo.com\/de\/","name":"Syndigo","description":"Data Unlocked. Potential Unleashed.","publisher":{"@id":"https:\/\/syndigo.com\/de\/#organization"},"potentialAction":[{"@type":"SearchAction","target":{"@type":"EntryPoint","urlTemplate":"https:\/\/syndigo.com\/de\/?s={search_term_string}"},"query-input":{"@type":"PropertyValueSpecification","valueRequired":true,"valueName":"search_term_string"}}],"inLanguage":"en-US"},{"@type":"Organization","@id":"https:\/\/syndigo.com\/de\/#organization","name":"Syndigo","url":"https:\/\/syndigo.com\/de\/","logo":{"@type":"ImageObject","inLanguage":"en-US","@id":"https:\/\/syndigo.com\/de\/#\/schema\/logo\/image\/","url":"https:\/\/syndigo.com\/wp-content\/uploads\/2024\/01\/Syndigo.png","contentUrl":"https:\/\/syndigo.com\/wp-content\/uploads\/2024\/01\/Syndigo.png","width":696,"height":696,"caption":"Syndigo"},"image":{"@id":"https:\/\/syndigo.com\/de\/#\/schema\/logo\/image\/"},"sameAs":["https:\/\/www.facebook.com\/syndigoLLC","https:\/\/x.com\/syndigoLLC","https:\/\/www.linkedin.com\/company\/syndigo","https:\/\/www.youtube.com\/channel\/UC4W-3BtMfXVAwReREonADRg"]}]}},"coauthors":[],"author_meta":{"author_link":"https:\/\/syndigo.com\/de\/author\/vignesh\/","display_name":"Vignesh Sivaraj"},"relative_dates":{"created":"Posted 3 years ago","modified":"Updated 9 months ago"},"absolute_dates":{"created":"Posted on August 9, 2023","modified":"Updated on August 25, 2025"},"absolute_dates_time":{"created":"Posted on August 9, 2023 8:30 am","modified":"Updated on August 25, 2025 2:44 pm"},"featured_img_caption":"","featured_img":false,"series_order":"","_links":{"self":[{"href":"https:\/\/syndigo.com\/de\/wp-json\/wp\/v2\/pages\/47947","targetHints":{"allow":["GET"]}}],"collection":[{"href":"https:\/\/syndigo.com\/de\/wp-json\/wp\/v2\/pages"}],"about":[{"href":"https:\/\/syndigo.com\/de\/wp-json\/wp\/v2\/types\/page"}],"author":[{"embeddable":true,"href":"https:\/\/syndigo.com\/de\/wp-json\/wp\/v2\/users\/2"}],"replies":[{"embeddable":true,"href":"https:\/\/syndigo.com\/de\/wp-json\/wp\/v2\/comments?post=47947"}],"version-history":[{"count":0,"href":"https:\/\/syndigo.com\/de\/wp-json\/wp\/v2\/pages\/47947\/revisions"}],"wp:attachment":[{"href":"https:\/\/syndigo.com\/de\/wp-json\/wp\/v2\/media?parent=47947"}],"curies":[{"name":"wp","href":"https:\/\/api.w.org\/{rel}","templated":true}]}}