{"id":44150,"date":"2023-07-28T19:06:38","date_gmt":"2023-07-28T19:06:38","guid":{"rendered":"https:\/\/syndigo.com\/purchasing-power-2\/"},"modified":"2023-08-04T07:23:00","modified_gmt":"2023-08-04T07:23:00","slug":"exito","status":"publish","type":"page","link":"https:\/\/syndigo.com\/pl\/exito\/","title":{"rendered":"Exito"},"content":{"rendered":"\n<section class=\"wp-block-group request-demo-sec-1 onboarding-sec-1 is-layout-constrained wp-block-group-is-layout-constrained\"><div class=\"wp-block-group__inner-container\">\n<div class=\"wp-block-columns are-vertically-aligned-center is-layout-flex wp-container-core-columns-is-layout-28f84493 wp-block-columns-is-layout-flex\">\n<div class=\"wp-block-column is-vertically-aligned-center content-col is-layout-flow wp-block-column-is-layout-flow\">\n<h1 class=\"wp-block-heading\"><strong>Logre Que Sus Productos Destaquen<\/strong><\/h1>\n\n\n\n<p>Con Contenido M\u00e1s Valioso en Grupo Exito<\/p>\n\n\n\n<div class=\"wp-block-buttons is-layout-flex wp-block-buttons-is-layout-flex\">\n<div class=\"wp-block-button\"><a class=\"wp-block-button__link wp-element-button\" href=\"#form\">Get Started<\/a><\/div>\n<\/div>\n<\/div>\n\n\n\n<div class=\"wp-block-column is-vertically-aligned-center img-col is-layout-flow wp-block-column-is-layout-flow\">\n<figure class=\"wp-block-image size-full is-resized\"><img loading=\"lazy\" decoding=\"async\" src=\"https:\/\/syndigo.com\/wp-content\/uploads\/2023\/08\/grupo-exito.png\" alt=\"\" class=\"wp-image-44152\" width=\"402\" height=\"317\"\/><\/figure>\n<\/div>\n<\/div>\n<\/div><\/section>\n\n\n\n<section class=\"wp-block-group paid-campaign-sec-2 is-layout-constrained wp-block-group-is-layout-constrained\"><div class=\"wp-block-group__inner-container\">\n<h2 class=\"wp-block-heading has-text-align-left\"><strong>Atraiga Consumidores Con Contenido Que Vende<\/strong><\/h2>\n\n\n\n<p class=\"has-text-align-left\">Los comerciantes minoristas se asocian con Syndigo para que los fabricantes carguen y publiquen, de forma sencilla, contenido mejorado a las p\u00e1ginas con los detalles del producto. El contenido valioso y atractivo de un producto crea una experiencia de compra m\u00e1s profunda y envolvente, que se mide para aumentar las conversiones en l\u00ednea en al menos un 12%.<\/p>\n\n\n\n<div style=\"height:20px\" aria-hidden=\"true\" class=\"wp-block-spacer\"><\/div>\n\n\n\n<p class=\"has-text-align-left\">La plataforma de Syndigo faculta a los fabricantes a cargar contenido valioso y aprobado por la marca una vez y publicarlo sin problemas para que coincida con los estilos visuales en las p\u00e1ginas de detalles del producto, lo que crea la mejor experiencia de compra en su clase.<\/p>\n\n\n\n<div style=\"height:40px\" aria-hidden=\"true\" class=\"wp-block-spacer\"><\/div>\n\n\n\n<p style=\"font-style:normal;font-weight:600\"><strong>\u00bfC\u00f3mo captar la atenci\u00f3n de los consumidores desde el principio?\u00a0Muestre su conenido mejorado con una ubicaci\u00f3n \u00f3ptima para sus consumidores.<\/strong><\/p>\n\n\n\n<div style=\"height:40px\" aria-hidden=\"true\" class=\"wp-block-spacer\"><\/div>\n\n\n\n<div class=\"wp-block-columns is-layout-flex wp-container-core-columns-is-layout-28f84493 wp-block-columns-is-layout-flex\">\n<div class=\"wp-block-column is-layout-flow wp-block-column-is-layout-flow\">\n<p>El\u00a0<strong>\u201cEngaging Hero\u201d<\/strong>\u00a0trae contenido atractivo e impactante sobre las conversiones a la parte superior m\u00e1s vista del \u00e1rea de la p\u00e1gina de un sitio que cautiva a los consumidores que no est\u00e1n comprometidos con el desplazamiento. Los consumidores ven contenido m\u00e1s rico y aprobado por la marca que engacha, informa y convierte.<\/p>\n\n\n\n<div style=\"height:20px\" aria-hidden=\"true\" class=\"wp-block-spacer\"><\/div>\n\n\n\n<p>Los\u00a0<strong>hotspots contextuales<\/strong>\u00a0se pueden colocar sobre de la imagen principal de una p\u00e1gina de producto. Al hacer clic en estos puntos de acceso, se abren ventanitas a los detalles claves del coneido del producto, como descripciones de caracter\u00edsticas, subt\u00edtulos de fotos, videos y galer\u00edas de im\u00e1genes adicionales.<\/p>\n<\/div>\n\n\n\n<div class=\"wp-block-column is-layout-flow wp-block-column-is-layout-flow\">\n<figure class=\"wp-block-image size-full\"><img loading=\"lazy\" decoding=\"async\" width=\"1017\" height=\"621\" src=\"https:\/\/syndigo.com\/wp-content\/uploads\/2023\/08\/Exito-Enhanced-Content.png\" alt=\"\" class=\"wp-image-44153\"\/><\/figure>\n<\/div>\n<\/div>\n\n\n\n<p>Las im\u00e1genes de Engaging Hero incluyen:<\/p>\n\n\n\n<div style=\"height:25px\" aria-hidden=\"true\" class=\"wp-block-spacer\"><\/div>\n\n\n\n<div class=\"wp-block-columns is-layout-flex wp-container-core-columns-is-layout-28f84493 wp-block-columns-is-layout-flex\">\n<div class=\"wp-block-column is-layout-flow wp-block-column-is-layout-flow\">\n<ul class=\"checkmark-list wp-block-list advgb-dyn-a3194612\">\n<li class=\"has-medium-font-size\">Caracter\u00edstica<\/li>\n\n\n\n<li class=\"has-medium-font-size\">360<\/li>\n<\/ul>\n<\/div>\n\n\n\n<div class=\"wp-block-column is-layout-flow wp-block-column-is-layout-flow\">\n<ul class=\"checkmark-list wp-block-list advgb-dyn-a3194612\">\n<li class=\"has-medium-font-size\">Gr\u00e1ficos comparativos<\/li>\n\n\n\n<li class=\"has-medium-font-size\">Visitas interactivas<\/li>\n<\/ul>\n<\/div>\n\n\n\n<div class=\"wp-block-column is-layout-flow wp-block-column-is-layout-flow\">\n<ul class=\"checkmark-list wp-block-list advgb-dyn-a3194612\">\n<li class=\"has-medium-font-size\">Galer\u00edas de im\u00e1genes<\/li>\n\n\n\n<li class=\"has-medium-font-size\">Galer\u00eda de videos y<\/li>\n<\/ul>\n<\/div>\n<\/div>\n\n\n\n<div style=\"height:50px\" aria-hidden=\"true\" class=\"wp-block-spacer\"><\/div>\n\n\n\n<h2 class=\"wp-block-heading has-text-align-center\"><strong>Intuitivo, Flexible, Optimizado<\/strong><\/h2>\n\n\n\n<div style=\"height:25px\" aria-hidden=\"true\" class=\"wp-block-spacer\"><\/div>\n\n\n\n<p class=\"has-text-align-center\">Los&nbsp;hotspots contextuales se pueden colocar sobre de la imagen principal de una p\u00e1gina de producto. Al hacer clic en estos puntos de acceso, se abren ventanitas a los detalles claves del coneido del producto, como descripciones de caracter\u00edsticas, subt\u00edtulos de fotos, videos y galer\u00edas de im\u00e1genes adicionales.<\/p>\n\n\n\n<div style=\"height:25px\" aria-hidden=\"true\" class=\"wp-block-spacer\"><\/div>\n\n\n<div class=\"learn-more-card\" >\n\t\t\t\t<div class=\"single-learn-more\">\n\t\t\t\t<div class=\"accordion-title\">\n\t\t\t\t\t\t\t\t\t\t<h4>\n\t\t\t\t\t\tAhorre Tiempo\t\t\t\t\t<\/h4>\n\t\t\t\t<\/div>\n\t\t\t\t<div class=\"accordion-content\">\n\t\t\t\t\t<div class=\"content\">\n\t\t\t\t\t\tUna interfaz web para lograr que sus productos destaquen\t\t\t\t\t<\/div>\n\t\t\t\t\t\t\t\t\t<\/div>\n\t\t\t<\/div>\n\t\t\t\t\t\t<div class=\"single-learn-more\">\n\t\t\t\t<div class=\"accordion-title\">\n\t\t\t\t\t\t\t\t\t\t<h4>\n\t\t\t\t\t\tControle Su Historia\t\t\t\t\t<\/h4>\n\t\t\t\t<\/div>\n\t\t\t\t<div class=\"accordion-content\">\n\t\t\t\t\t<div class=\"content\">\n\t\t\t\t\t\tUse copias, videos e im\u00e1genes existentes y aprobados por la marca para controlar la mensajer\u00eda\t\t\t\t\t<\/div>\n\t\t\t\t\t\t\t\t\t<\/div>\n\t\t\t<\/div>\n\t\t\t\t\t\t<div class=\"single-learn-more\">\n\t\t\t\t<div class=\"accordion-title\">\n\t\t\t\t\t\t\t\t\t\t<h4>\n\t\t\t\t\t\tOptimice\t\t\t\t\t<\/h4>\n\t\t\t\t<\/div>\n\t\t\t\t<div class=\"accordion-content\">\n\t\t\t\t\t<div class=\"content\">\n\t\t\t\t\t\tRevise mediciones para comprender mejor el contenido que los compradores realmente quieren ver\t\t\t\t\t<\/div>\n\t\t\t\t\t\t\t\t\t<\/div>\n\t\t\t<\/div>\n\t\t\t\t\t\t<div class=\"single-learn-more\">\n\t\t\t\t<div class=\"accordion-title\">\n\t\t\t\t\t\t\t\t\t\t<h4>\n\t\t\t\t\t\tModifique En Cualquier Momento\t\t\t\t\t<\/h4>\n\t\t\t\t<\/div>\n\t\t\t\t<div class=\"accordion-content\">\n\t\t\t\t\t<div class=\"content\">\n\t\t\t\t\t\tActualice las p\u00e1ginas en solo minutos cuando necesita volver a publicar algo\t\t\t\t\t<\/div>\n\t\t\t\t\t\t\t\t\t<\/div>\n\t\t\t<\/div>\n\t\t\t\t\t\t<div class=\"single-learn-more\">\n\t\t\t\t<div class=\"accordion-title\">\n\t\t\t\t\t\t\t\t\t\t<h4>\n\t\t\t\t\t\tCapacidad De Respuesta\t\t\t\t\t<\/h4>\n\t\t\t\t<\/div>\n\t\t\t\t<div class=\"accordion-content\">\n\t\t\t\t\t<div class=\"content\">\n\t\t\t\t\t\tDesde un dispositivo de escritorio hasta uno m\u00f3vil, las p\u00e1ginas respaldan un dise\u00f1o con capacidad de respuesta\t\t\t\t\t<\/div>\n\t\t\t\t\t\t\t\t\t<\/div>\n\t\t\t<\/div>\n\t\t\t\t\t\t<div class=\"single-learn-more\">\n\t\t\t\t<div class=\"accordion-title\">\n\t\t\t\t\t\t\t\t\t\t<h4>\n\t\t\t\t\t\tConfiguraci\u00f3n Sencilla\t\t\t\t\t<\/h4>\n\t\t\t\t<\/div>\n\t\t\t\t<div class=\"accordion-content\">\n\t\t\t\t\t<div class=\"content\">\n\t\t\t\t\t\tDise\u00f1os y una interfaz de arrastrar y colocar din\u00e1micos y f\u00e1ciles de usar le permiten crear historias de producto valiosas y sensacionales con solo hacer clic en un bot\u00f3n\t\t\t\t\t<\/div>\n\t\t\t\t\t\t\t\t\t<\/div>\n\t\t\t<\/div>\n\t\t\t<\/div>\n\n\n\n<div style=\"height:100px\" aria-hidden=\"true\" id=\"form\" class=\"wp-block-spacer\"><\/div>\n\n\n<div class=\"form-block double\" >\n\t<h3>\n\t\t<p>Llene el siguiente formulario y nuestro equipo se pondr\u00e1 en contacto con usted en breve.<\/p>\n\t<\/h3>\n\t\t<script>\n\t\tfunction script() {\n\t\t\tMktoForms2.loadForm(\"\/\/pages.syndigo.com\", \"539-CDH-942\", 1112);\t\t}\n\t<\/script>\n\t<script onload=\"script()\" src=\"\/\/pages.syndigo.com\/js\/forms2\/js\/forms2.min.js\"><\/script>\n\t\r\n<form id=\"mktoForm_1112\"><\/form>\r\n<\/div>\n\n\n\n<div style=\"height:100px\" aria-hidden=\"true\" class=\"wp-block-spacer\"><\/div>\n\n\n<div class=\"block-cta\" >\n\t<div class=\"title\">\n\t\tIntroducci\u00f3n\t<\/div>\n\t<div class=\"description\">\n\t\t<p>Syndigo es el l\u00edder mundial en contenido digital validado de productos, incluyendo datos nutricionales detallados y datos GDSN, que se entregan a la red m\u00e1s grande de m\u00e1s de 1.500 minoristas, distribuidores y m\u00e1s de 12.000 fabricantes y proveedores.<\/p>\n\t<\/div>\n\t\t\t<div class=\"button-div\">\n\t\t\t<a class=\"button\" href=\"#form\">Solicitar una demostraci\u00f3n<\/a>\n\t\t<\/div>\n\t<\/div>\n\n\n\n<div style=\"height:100px\" aria-hidden=\"true\" class=\"wp-block-spacer\"><\/div>\n<\/div><\/section>\n","protected":false},"excerpt":{"rendered":"<p>Logre Que Sus Productos Destaquen Con Contenido M\u00e1s Valioso en Grupo Exito Atraiga Consumidores Con Contenido Que Vende Los comerciantes minoristas se asocian con Syndigo [&hellip;]<\/p>\n","protected":false},"author":2,"featured_media":0,"parent":0,"menu_order":0,"comment_status":"closed","ping_status":"closed","template":"","meta":{"_acf_changed":false,"advgb_blocks_editor_width":"","advgb_blocks_columns_visual_guide":"","_page_status":"","program_name":"","program_hidden_field_name":"","footnotes":""},"class_list":["post-44150","page","type-page","status-publish","hentry"],"acf":[],"yoast_head":"<!-- This site is optimized with the Yoast SEO Premium plugin v21.8 (Yoast SEO v27.3) - https:\/\/yoast.com\/product\/yoast-seo-premium-wordpress\/ -->\n<title>Grupo Exito | Syndigo<\/title>\n<meta name=\"description\" content=\"Los hotspots contextuales se pueden colocar sobre de la imagen principal de una p\u00e1gina de producto.\" \/>\n<meta name=\"robots\" content=\"index, follow, max-snippet:-1, max-image-preview:large, max-video-preview:-1\" \/>\n<meta property=\"og:locale\" content=\"en_US\" \/>\n<meta property=\"og:type\" content=\"article\" \/>\n<meta property=\"og:title\" content=\"Grupo Exito | Syndigo\" \/>\n<meta property=\"og:description\" content=\"Los hotspots contextuales se pueden colocar sobre de la imagen principal de una p\u00e1gina de producto.\" \/>\n<meta property=\"og:url\" content=\"https:\/\/syndigo.com\/pl\/exito\/\" \/>\n<meta property=\"og:site_name\" content=\"Syndigo\" \/>\n<meta property=\"article:publisher\" content=\"https:\/\/www.facebook.com\/syndigoLLC\" \/>\n<meta property=\"article:modified_time\" content=\"2023-08-04T07:23:00+00:00\" \/>\n<meta property=\"og:image\" content=\"https:\/\/syndigo.com\/wp-content\/uploads\/2023\/08\/grupo-exito.png\" \/>\n<meta name=\"twitter:card\" content=\"summary_large_image\" \/>\n<meta name=\"twitter:site\" content=\"@syndigoLLC\" \/>\n<meta name=\"twitter:label1\" content=\"Est. reading time\" \/>\n\t<meta name=\"twitter:data1\" content=\"2 minutes\" \/>\n<script type=\"application\/ld+json\" class=\"yoast-schema-graph\">{\"@context\":\"https:\\\/\\\/schema.org\",\"@graph\":[{\"@type\":\"WebPage\",\"@id\":\"https:\\\/\\\/syndigo.com\\\/pl\\\/exito\\\/\",\"url\":\"https:\\\/\\\/syndigo.com\\\/pl\\\/exito\\\/\",\"name\":\"Grupo Exito | Syndigo\",\"isPartOf\":{\"@id\":\"https:\\\/\\\/syndigo.com\\\/pl\\\/#website\"},\"primaryImageOfPage\":{\"@id\":\"https:\\\/\\\/syndigo.com\\\/pl\\\/exito\\\/#primaryimage\"},\"image\":{\"@id\":\"https:\\\/\\\/syndigo.com\\\/pl\\\/exito\\\/#primaryimage\"},\"thumbnailUrl\":\"https:\\\/\\\/syndigo.com\\\/wp-content\\\/uploads\\\/2023\\\/08\\\/grupo-exito.png\",\"datePublished\":\"2023-07-28T19:06:38+00:00\",\"dateModified\":\"2023-08-04T07:23:00+00:00\",\"description\":\"Los hotspots contextuales se pueden colocar sobre de la imagen principal de una p\u00e1gina de producto.\",\"breadcrumb\":{\"@id\":\"https:\\\/\\\/syndigo.com\\\/pl\\\/exito\\\/#breadcrumb\"},\"inLanguage\":\"en-US\",\"potentialAction\":[{\"@type\":\"ReadAction\",\"target\":[\"https:\\\/\\\/syndigo.com\\\/pl\\\/exito\\\/\"]}]},{\"@type\":\"ImageObject\",\"inLanguage\":\"en-US\",\"@id\":\"https:\\\/\\\/syndigo.com\\\/pl\\\/exito\\\/#primaryimage\",\"url\":\"https:\\\/\\\/syndigo.com\\\/wp-content\\\/uploads\\\/2023\\\/08\\\/grupo-exito.png\",\"contentUrl\":\"https:\\\/\\\/syndigo.com\\\/wp-content\\\/uploads\\\/2023\\\/08\\\/grupo-exito.png\"},{\"@type\":\"BreadcrumbList\",\"@id\":\"https:\\\/\\\/syndigo.com\\\/pl\\\/exito\\\/#breadcrumb\",\"itemListElement\":[{\"@type\":\"ListItem\",\"position\":1,\"name\":\"Home\",\"item\":\"https:\\\/\\\/syndigo.com\\\/\"},{\"@type\":\"ListItem\",\"position\":2,\"name\":\"Exito\"}]},{\"@type\":\"WebSite\",\"@id\":\"https:\\\/\\\/syndigo.com\\\/pl\\\/#website\",\"url\":\"https:\\\/\\\/syndigo.com\\\/pl\\\/\",\"name\":\"Syndigo\",\"description\":\"Data Unlocked. Potential Unleashed.\",\"publisher\":{\"@id\":\"https:\\\/\\\/syndigo.com\\\/pl\\\/#organization\"},\"potentialAction\":[{\"@type\":\"SearchAction\",\"target\":{\"@type\":\"EntryPoint\",\"urlTemplate\":\"https:\\\/\\\/syndigo.com\\\/pl\\\/?s={search_term_string}\"},\"query-input\":{\"@type\":\"PropertyValueSpecification\",\"valueRequired\":true,\"valueName\":\"search_term_string\"}}],\"inLanguage\":\"en-US\"},{\"@type\":\"Organization\",\"@id\":\"https:\\\/\\\/syndigo.com\\\/pl\\\/#organization\",\"name\":\"Syndigo\",\"url\":\"https:\\\/\\\/syndigo.com\\\/pl\\\/\",\"logo\":{\"@type\":\"ImageObject\",\"inLanguage\":\"en-US\",\"@id\":\"https:\\\/\\\/syndigo.com\\\/pl\\\/#\\\/schema\\\/logo\\\/image\\\/\",\"url\":\"https:\\\/\\\/syndigo.com\\\/wp-content\\\/uploads\\\/2024\\\/01\\\/Syndigo.png\",\"contentUrl\":\"https:\\\/\\\/syndigo.com\\\/wp-content\\\/uploads\\\/2024\\\/01\\\/Syndigo.png\",\"width\":696,\"height\":696,\"caption\":\"Syndigo\"},\"image\":{\"@id\":\"https:\\\/\\\/syndigo.com\\\/pl\\\/#\\\/schema\\\/logo\\\/image\\\/\"},\"sameAs\":[\"https:\\\/\\\/www.facebook.com\\\/syndigoLLC\",\"https:\\\/\\\/x.com\\\/syndigoLLC\",\"https:\\\/\\\/www.linkedin.com\\\/company\\\/syndigo\",\"https:\\\/\\\/www.youtube.com\\\/channel\\\/UC4W-3BtMfXVAwReREonADRg\"]}]}<\/script>\n<!-- \/ Yoast SEO Premium plugin. -->","yoast_head_json":{"title":"Grupo Exito | Syndigo","description":"Los hotspots contextuales se pueden colocar sobre de la imagen principal de una p\u00e1gina de producto.","robots":{"index":"index","follow":"follow","max-snippet":"max-snippet:-1","max-image-preview":"max-image-preview:large","max-video-preview":"max-video-preview:-1"},"og_locale":"en_US","og_type":"article","og_title":"Exito","og_description":"Los hotspots contextuales se pueden colocar sobre de la imagen principal de una p\u00e1gina de producto.","og_url":"https:\/\/syndigo.com\/pl\/exito\/","og_site_name":"Syndigo","article_publisher":"https:\/\/www.facebook.com\/syndigoLLC","article_modified_time":"2023-08-04T07:23:00+00:00","og_image":[{"url":"https:\/\/syndigo.com\/wp-content\/uploads\/2023\/08\/grupo-exito.png","type":"","width":"","height":""}],"twitter_card":"summary_large_image","twitter_site":"@syndigoLLC","twitter_misc":{"Est. reading time":"2 minutes"},"schema":{"@context":"https:\/\/schema.org","@graph":[{"@type":"WebPage","@id":"https:\/\/syndigo.com\/pl\/exito\/","url":"https:\/\/syndigo.com\/pl\/exito\/","name":"Grupo Exito | Syndigo","isPartOf":{"@id":"https:\/\/syndigo.com\/pl\/#website"},"primaryImageOfPage":{"@id":"https:\/\/syndigo.com\/pl\/exito\/#primaryimage"},"image":{"@id":"https:\/\/syndigo.com\/pl\/exito\/#primaryimage"},"thumbnailUrl":"https:\/\/syndigo.com\/wp-content\/uploads\/2023\/08\/grupo-exito.png","datePublished":"2023-07-28T19:06:38+00:00","dateModified":"2023-08-04T07:23:00+00:00","description":"Los hotspots contextuales se pueden colocar sobre de la imagen principal de una p\u00e1gina de producto.","breadcrumb":{"@id":"https:\/\/syndigo.com\/pl\/exito\/#breadcrumb"},"inLanguage":"en-US","potentialAction":[{"@type":"ReadAction","target":["https:\/\/syndigo.com\/pl\/exito\/"]}]},{"@type":"ImageObject","inLanguage":"en-US","@id":"https:\/\/syndigo.com\/pl\/exito\/#primaryimage","url":"https:\/\/syndigo.com\/wp-content\/uploads\/2023\/08\/grupo-exito.png","contentUrl":"https:\/\/syndigo.com\/wp-content\/uploads\/2023\/08\/grupo-exito.png"},{"@type":"BreadcrumbList","@id":"https:\/\/syndigo.com\/pl\/exito\/#breadcrumb","itemListElement":[{"@type":"ListItem","position":1,"name":"Home","item":"https:\/\/syndigo.com\/"},{"@type":"ListItem","position":2,"name":"Exito"}]},{"@type":"WebSite","@id":"https:\/\/syndigo.com\/pl\/#website","url":"https:\/\/syndigo.com\/pl\/","name":"Syndigo","description":"Data Unlocked. Potential Unleashed.","publisher":{"@id":"https:\/\/syndigo.com\/pl\/#organization"},"potentialAction":[{"@type":"SearchAction","target":{"@type":"EntryPoint","urlTemplate":"https:\/\/syndigo.com\/pl\/?s={search_term_string}"},"query-input":{"@type":"PropertyValueSpecification","valueRequired":true,"valueName":"search_term_string"}}],"inLanguage":"en-US"},{"@type":"Organization","@id":"https:\/\/syndigo.com\/pl\/#organization","name":"Syndigo","url":"https:\/\/syndigo.com\/pl\/","logo":{"@type":"ImageObject","inLanguage":"en-US","@id":"https:\/\/syndigo.com\/pl\/#\/schema\/logo\/image\/","url":"https:\/\/syndigo.com\/wp-content\/uploads\/2024\/01\/Syndigo.png","contentUrl":"https:\/\/syndigo.com\/wp-content\/uploads\/2024\/01\/Syndigo.png","width":696,"height":696,"caption":"Syndigo"},"image":{"@id":"https:\/\/syndigo.com\/pl\/#\/schema\/logo\/image\/"},"sameAs":["https:\/\/www.facebook.com\/syndigoLLC","https:\/\/x.com\/syndigoLLC","https:\/\/www.linkedin.com\/company\/syndigo","https:\/\/www.youtube.com\/channel\/UC4W-3BtMfXVAwReREonADRg"]}]}},"coauthors":[],"author_meta":{"author_link":"https:\/\/syndigo.com\/pl\/author\/vignesh\/","display_name":"Vignesh Sivaraj"},"relative_dates":{"created":"Posted 3 years ago","modified":"Updated 3 years ago"},"absolute_dates":{"created":"Posted on July 28, 2023","modified":"Updated on August 4, 2023"},"absolute_dates_time":{"created":"Posted on July 28, 2023 7:06 pm","modified":"Updated on August 4, 2023 7:23 am"},"featured_img_caption":"","featured_img":false,"series_order":"","_links":{"self":[{"href":"https:\/\/syndigo.com\/pl\/wp-json\/wp\/v2\/pages\/44150","targetHints":{"allow":["GET"]}}],"collection":[{"href":"https:\/\/syndigo.com\/pl\/wp-json\/wp\/v2\/pages"}],"about":[{"href":"https:\/\/syndigo.com\/pl\/wp-json\/wp\/v2\/types\/page"}],"author":[{"embeddable":true,"href":"https:\/\/syndigo.com\/pl\/wp-json\/wp\/v2\/users\/2"}],"replies":[{"embeddable":true,"href":"https:\/\/syndigo.com\/pl\/wp-json\/wp\/v2\/comments?post=44150"}],"version-history":[{"count":0,"href":"https:\/\/syndigo.com\/pl\/wp-json\/wp\/v2\/pages\/44150\/revisions"}],"wp:attachment":[{"href":"https:\/\/syndigo.com\/pl\/wp-json\/wp\/v2\/media?parent=44150"}],"curies":[{"name":"wp","href":"https:\/\/api.w.org\/{rel}","templated":true}]}}